{"id":687,"date":"2018-12-06T09:30:59","date_gmt":"2018-12-06T08:30:59","guid":{"rendered":"http:\/\/www.rybari-modrany.cz\/?page_id=687"},"modified":"2018-12-06T10:22:38","modified_gmt":"2018-12-06T09:22:38","slug":"jak-vyplnit-dochazku-a-ulovek-do-povolenky","status":"publish","type":"page","link":"http:\/\/www.rybari-modrany.cz\/?page_id=687","title":{"rendered":"Jak vyplnit doch\u00e1zku a \u00falovky"},"content":{"rendered":"<h4>Metodick\u00fd pokyn \u010cRS pro z\u00e1pis doch\u00e1zky a \u00falovk\u016f v p\u0159ehledu o \u00falovc\u00edch<\/h4>\n<h5>Evidence doch\u00e1zek a \u00falovk\u016f (odd\u00edl II povolenky k lovu ryb)<\/h5>\n<p>P\u0159ed zah\u00e1jen\u00edm lovu ryb je osoba prov\u00e1d\u011bj\u00edc\u00ed lov povinna zapsat nesmazateln\u00fdm zp\u016fsobem do Evidence doch\u00e1zky a \u00falovk\u016f datum lovu a \u010d\u00edslo ryb\u00e1\u0159sk\u00e9ho rev\u00edru.<\/p>\n<p>\u010c\u00edslo ryb\u00e1\u0159sk\u00e9ho rev\u00edru uveden\u00e9 v soupisu rev\u00edr\u016f (\u0161estim\u00edstn\u00e9 nebo osmim\u00edstn\u00e9) se zapisuje do sloupce \u010c\u00edslo rev\u00edru. Pokud lov\u00edc\u00ed prov\u00e1d\u00ed lov ryb na podrev\u00edru, kter\u00fd m\u00e1 stanoven\u00e9 \u010d\u00edslo, mus\u00ed krom\u011b \u010d\u00edsla rev\u00edru zapsat ve sloupci Podrev\u00edr i \u010d\u00edslo tohoto podrev\u00edru.<\/p>\n<p>V p\u0159\u00edpad\u011b, \u017ee ryb\u00e1\u0159 lov\u00ed v jednom dni na rev\u00edru i na jeho podrev\u00edru, mus\u00ed do Evidence doch\u00e1zky a \u00falovk\u016f zapsat doch\u00e1zku jak na rev\u00edr, tak v samostatn\u00e9m \u0159\u00e1dku i na jeho podrev\u00edr.<\/p>\n<p>Pokud lov\u00edc\u00ed p\u0159eru\u0161\u00ed lov ryb, nemus\u00ed v p\u0159\u00edpad\u011b op\u011btovn\u00e9ho zah\u00e1jen\u00ed lovu na stejn\u00e9m rev\u00edru v jednom dni znovu zapisovat doch\u00e1zku (datum lovu a \u010d\u00edslo rev\u00edru).<\/p>\n<p>Pokud si osoba prov\u00e1d\u011bj\u00edc\u00ed lov nep\u0159ivlastn\u00ed v dan\u00e9m rev\u00edru v dan\u00e9m kalend\u00e1\u0159n\u00edm dnu \u017e\u00e1dnou ulovenolu rybu je povinna pro\u0161krtnout vodorovnou \u010darou nesmazateln\u00fdm zp\u016fsobem v odd\u00edlu II povolenky k lovu ryb (Evidence doch\u00e1zky a \u00falovk\u016f) p\u0159\u00edslu\u0161n\u00fd \u0159\u00e1dek nejpozd\u011bji p\u0159ed zah\u00e1jen\u00edm lovu v jin\u00e9m rev\u00edru nebo v dal\u0161\u00edm dnu.<\/p>\n<h5><strong>P\u0159\u00edklad:<\/strong><\/h5>\n<p><span style=\"color: #008000;\"><strong>Rev\u00edr 411 042 Kou\u0159imka 1<\/strong><\/span><\/p>\n<p>Na rev\u00edru ryb\u00e1\u0159 nic neulovil, proto p\u0159e\u0161el na podrev\u00edr tohoto rev\u00edru &#8211; n\u00e1dr\u017e \u010d. 2 Pobo\u0159\u00ed, kde ulovil kapra (45 cm, hmotnost 2,2 kg). V evidenci doch\u00e1zky a \u00falovk\u016f to bude zaps\u00e1no n\u00e1sledovn\u011b :<\/p>\n<p><img loading=\"lazy\" decoding=\"async\" class=\"aligncenter wp-image-712\" src=\"http:\/\/www.rybari-modrany.cz\/wp-content\/uploads\/Ulovkovy-list_1-1024x257.jpg\" alt=\"\" width=\"600\" height=\"150\" srcset=\"http:\/\/www.rybari-modrany.cz\/wp-content\/uploads\/Ulovkovy-list_1-1024x257.jpg 1024w, http:\/\/www.rybari-modrany.cz\/wp-content\/uploads\/Ulovkovy-list_1-300x75.jpg 300w, http:\/\/www.rybari-modrany.cz\/wp-content\/uploads\/Ulovkovy-list_1-768x193.jpg 768w, http:\/\/www.rybari-modrany.cz\/wp-content\/uploads\/Ulovkovy-list_1.jpg 1591w\" sizes=\"(max-width: 600px) 100vw, 600px\" \/><\/p>\n","protected":false},"excerpt":{"rendered":"<p>Metodick\u00fd pokyn \u010cRS pro z\u00e1pis doch\u00e1zky a \u00falovk\u016f v p\u0159ehledu o \u00falovc\u00edch Evidence doch\u00e1zek a \u00falovk\u016f (odd\u00edl II povolenky k lovu ryb) P\u0159ed zah\u00e1jen\u00edm lovu ryb je osoba prov\u00e1d\u011bj\u00edc\u00ed lov povinna zapsat nesmazateln\u00fdm zp\u016fsobem do Evidence doch\u00e1zky a \u00falovk\u016f datum lovu a \u010d\u00edslo ryb\u00e1\u0159sk\u00e9ho rev\u00edru. \u010c\u00edslo ryb\u00e1\u0159sk\u00e9ho rev\u00edru uveden\u00e9 v soupisu rev\u00edr\u016f (\u0161estim\u00edstn\u00e9 nebo osmim\u00edstn\u00e9) [&hellip;]<\/p>\n","protected":false},"author":1,"featured_media":0,"parent":683,"menu_order":1,"comment_status":"closed","ping_status":"closed","template":"","meta":{"footnotes":""},"_links":{"self":[{"href":"http:\/\/www.rybari-modrany.cz\/index.php?rest_route=\/wp\/v2\/pages\/687"}],"collection":[{"href":"http:\/\/www.rybari-modrany.cz\/index.php?rest_route=\/wp\/v2\/pages"}],"about":[{"href":"http:\/\/www.rybari-modrany.cz\/index.php?rest_route=\/wp\/v2\/types\/page"}],"author":[{"embeddable":true,"href":"http:\/\/www.rybari-modrany.cz\/index.php?rest_route=\/wp\/v2\/users\/1"}],"replies":[{"embeddable":true,"href":"http:\/\/www.rybari-modrany.cz\/index.php?rest_route=%2Fwp%2Fv2%2Fcomments&post=687"}],"version-history":[{"count":9,"href":"http:\/\/www.rybari-modrany.cz\/index.php?rest_route=\/wp\/v2\/pages\/687\/revisions"}],"predecessor-version":[{"id":714,"href":"http:\/\/www.rybari-modrany.cz\/index.php?rest_route=\/wp\/v2\/pages\/687\/revisions\/714"}],"up":[{"embeddable":true,"href":"http:\/\/www.rybari-modrany.cz\/index.php?rest_route=\/wp\/v2\/pages\/683"}],"wp:attachment":[{"href":"http:\/\/www.rybari-modrany.cz\/index.php?rest_route=%2Fwp%2Fv2%2Fmedia&parent=687"}],"curies":[{"name":"wp","href":"https:\/\/api.w.org\/{rel}","templated":true}]}}