{"id":435,"date":"2015-03-20T19:32:36","date_gmt":"2015-03-20T18:32:36","guid":{"rendered":"http:\/\/www.rybari-modrany.cz\/?page_id=435"},"modified":"2025-04-03T23:44:04","modified_gmt":"2025-04-03T22:44:04","slug":"pro-nove-zajemce","status":"publish","type":"page","link":"http:\/\/www.rybari-modrany.cz\/?page_id=435","title":{"rendered":"Pro nov\u00e9 z\u00e1jemce"},"content":{"rendered":"<h5 style=\"text-align: center;\">Postup pro nov\u00e9 z\u00e1jemce o \u010dlenstv\u00ed v \u010cRS MO Praha 4 Mod\u0159any a o sportovn\u00ed rybolov<\/h5>\n<h5 style=\"text-align: left;\"><span style=\"color: #339966;\">Krok \u010d.1 :<\/span><\/h5>\n<p>V \u00fa\u0159edn\u00edch hodin\u00e1ch, tzn. od ledna do konce kv\u011btna <strong>ka\u017ed\u00fd \u010dtvrtek od 15:00 do 18:00 p\u0159ij\u00edt &#8222;na rybn\u00ed\u010dek&#8220; v ulici &#8222;U Domu slu\u017eeb<\/strong>&#8220; (<a title=\"\u00da\u0159edn\u00ed hodiny\" href=\"http:\/\/www.rybari-modrany.cz\/?page_id=184\"><span style=\"color: #008080;\">viz \u00fa\u0159edn\u00ed hodiny<\/span><\/a>) a <strong>vyplnit pop\u0159. odevzdat ji\u017e vypln\u011bnou p\u0159ihl\u00e1\u0161ku<\/strong> na kter\u00e9 je krom\u011b jin\u00e9ho uveden kontakt na dan\u00e9ho uchaze\u010de aby mohl b\u00fdt p\u0159\u00edpadn\u011b p\u0159ed \u0161kolen\u00edm a zkou\u0161kou kontaktov\u00e1n.<\/p>\n<p>P\u0159ihl\u00e1\u0161ku je\u00a0k dispozici ke sta\u017een\u00ed zde : <a href=\"http:\/\/www.rybari-modrany.cz\/wp-content\/uploads\/Prihlaska_clena_CRS_Modrany.pdf\">P\u0159ihl\u00e1\u0161ka pro nov\u00e9 z\u00e1jemce<\/a><\/p>\n<h5 style=\"text-align: left;\">\u00a0<span style=\"color: #339966;\">Krok \u010d.2 :<\/span><\/h5>\n<p style=\"text-align: left;\">Zaplatit p\u0159edepsan\u00e9 poplatky, tzn. aktu\u00e1ln\u011b<\/p>\n<p>pro dosp\u011bl\u00e9 (od 19 let)\u00a0:<\/p>\n<ul>\n<li style=\"text-align: left;\">jednor\u00e1zov\u00fd p\u0159\u00edsp\u011bvek nov\u00e9ho \u010dlena &#8230;&#8230;&#8230;&#8230;&#8230;&#8230;&#8230;.. 200,- K\u010d<\/li>\n<li style=\"text-align: left;\">\u010dlensk\u00fd poplatek &#8230;&#8230;&#8230;&#8230;&#8230;&#8230;&#8230;&#8230;&#8230;&#8230;&#8230;&#8230;&#8230;&#8230;&#8230;&#8230;. 700,- K\u010d<\/li>\n<li>mimo\u0159\u00e1dn\u00fd \u010dlensk\u00fd p\u0159\u00edsp\u011bvek &#8230;&#8230;&#8230;&#8230;&#8230;&#8230;&#8230;&#8230;&#8230;&#8230;.. 100,- K\u010d<\/li>\n<li style=\"text-align: left;\">jednor\u00e1zov\u00fd poplatek za \u010dlenskou legitimaci &#8230;&#8230;&#8230;&#8230;.. 10,- K\u010d<\/li>\n<\/ul>\n<p>pro\u00a0ml\u00e1de\u017e (od 16\u00a0do 18\u00a0let)\u00a0:<\/p>\n<ul>\n<li>jednor\u00e1zov\u00fd p\u0159\u00edsp\u011bvek nov\u00e9ho \u010dlena &#8230;&#8230;&#8230;&#8230;&#8230;&#8230;&#8230;.. 100,- K\u010d<\/li>\n<li>\u010dlensk\u00fd poplatek &#8230;&#8230;&#8230;&#8230;&#8230;&#8230;&#8230;&#8230;&#8230;&#8230;&#8230;&#8230;&#8230;&#8230;&#8230;&#8230;. 300,- K\u010d<\/li>\n<li>jednor\u00e1zov\u00fd poplatek za \u010dlenskou legitimaci &#8230;&#8230;&#8230;&#8230;.. 10,- K\u010d<\/li>\n<\/ul>\n<p>pro\u00a0d\u011bti do 15 let :<\/p>\n<ul>\n<li>jednor\u00e1zov\u00fd p\u0159\u00edsp\u011bvek nov\u00e9ho \u010dlena &#8230;&#8230;&#8230;&#8230;&#8230;&#8230;&#8230;.. 100,- K\u010d<\/li>\n<li>\u010dlensk\u00fd poplatek &#8230;&#8230;&#8230;&#8230;&#8230;&#8230;&#8230;&#8230;&#8230;&#8230;&#8230;&#8230;&#8230;&#8230;&#8230;&#8230;. 150,- K\u010d<\/li>\n<li>jednor\u00e1zov\u00fd poplatek za \u010dlenskou legitimaci &#8230;&#8230;&#8230;&#8230;.. 10,- K\u010d<\/li>\n<\/ul>\n<p style=\"text-align: left;\">Celkem <strong>nov\u00fd \u010dlen bude pro zaregistrov\u00e1n\u00ed pot\u0159ebovat :<\/strong><\/p>\n<p style=\"text-align: left;\"><strong>pro dosp\u011bl\u00e9 &#8230;&#8230;&#8230;&#8230;. 1.010,- K\u010d<\/strong><\/p>\n<p><strong>pro ml\u00e1de\u017e &#8230;&#8230;&#8230;&#8230;.. 410,- K\u010d<\/strong><\/p>\n<p><strong>pro d\u011bti &#8230;&#8230;&#8230;&#8230;&#8230;&#8230;. 260,- K\u010d<\/strong><\/p>\n<h5 style=\"text-align: left;\"><span style=\"color: #339966;\">Krok \u010d.3 :<\/span><\/h5>\n<p style=\"text-align: left;\"><strong>Po zaplacen\u00ed v\u00fd\u0161e uveden\u00fdch poplatk\u016f bude uchaze\u010d\u00a0zaveden\u00a0jako nov\u00fd\u00a0\u010dlen<\/strong> a bude mu vystaven \u010dlensk\u00fd pr\u016fkaz, kter\u00fd mu bude vyd\u00e1n po ukon\u010den\u00ed \u0161kolen\u00ed, slo\u017een\u00ed zkou\u0161ky a zakoupen\u00ed ryb\u00e1\u0159sk\u00e9ho l\u00edstku na\u00a0odboru \u017eivotn\u00edho prost\u0159ed\u00ed v m\u00edst\u011b bydli\u0161t\u011b (viz d\u00e1le).<\/p>\n<h5 style=\"text-align: left;\">\u00a0<span style=\"color: #339966;\">Krok \u010d.4 :<\/span><\/h5>\n<p><strong>Po ukon\u010den\u00ed \u0161kolen\u00ed a slo\u017een\u00ed zkou\u0161ky bude uchaze\u010di vyd\u00e1no potvrzen\u00ed<\/strong>, na jeho\u017e z\u00e1klad\u011b si bude moci <strong>na odboru \u017eivotn\u00edho prost\u0159ed\u00ed v m\u00edst\u011b bydli\u0161t\u011b zakoupit ryb\u00e1\u0159sk\u00fd l\u00edstek<\/strong> na \u010dasov\u00fd \u00fasek\u00a0jednoho,\u00a0t\u0159\u00ed nebo deseti let.\u00a0Kontakt na odbor \u017eivotn\u00edho prost\u0159ed\u00ed pro Prahu 12 Mod\u0159any naleznete<a title=\"Odbor \u017eivotn\u00edho prost\u0159ed\u00ed Praha 12 Mod\u0159any\" href=\"http:\/\/www.praha12.cz\/zivotni-prostredi\/ds-1125\/p1=1534\" target=\"_blank\" rel=\"noopener\"><span style=\"color: #339966;\"><span style=\"color: #008080;\"> ZDE<\/span>.<\/span><\/a><\/p>\n<h5>\u00a0<span style=\"color: #339966;\">Krok \u010d.5:<\/span><\/h5>\n<p><strong>S ryb\u00e1\u0159sk\u00fdm l\u00edstkem se pak uchaze\u010d op\u011bt v \u00fa\u0159edn\u00edch hodin\u00e1ch dostav\u00ed na m\u00edsto pod\u00e1n\u00ed p\u0159ihl\u00e1\u0161ky<\/strong>, kde mu <strong>bude vyd\u00e1n \u010dlensk\u00fd pr\u016fkaz na jeho\u017e z\u00e1klad\u011b je pak mo\u017en\u00e9 si zakoupit ro\u010dn\u00ed povolenku<\/strong> k rybolovu dle vlastn\u00edho po\u017eadavku (<a title=\"Povolenky\" href=\"http:\/\/www.rybari-modrany.cz\/?page_id=97\"><span style=\"color: #008080;\">viz. ceny povolenek<\/span><\/a>)<\/p>\n","protected":false},"excerpt":{"rendered":"<p>Postup pro nov\u00e9 z\u00e1jemce o \u010dlenstv\u00ed v \u010cRS MO Praha 4 Mod\u0159any a o sportovn\u00ed rybolov Krok \u010d.1 : V \u00fa\u0159edn\u00edch hodin\u00e1ch, tzn. od ledna do konce kv\u011btna ka\u017ed\u00fd \u010dtvrtek od 15:00 do 18:00 p\u0159ij\u00edt &#8222;na rybn\u00ed\u010dek&#8220; v ulici &#8222;U Domu slu\u017eeb&#8220; (viz \u00fa\u0159edn\u00ed hodiny) a vyplnit pop\u0159. odevzdat ji\u017e vypln\u011bnou p\u0159ihl\u00e1\u0161ku na kter\u00e9 je [&hellip;]<\/p>\n","protected":false},"author":1,"featured_media":0,"parent":431,"menu_order":1,"comment_status":"open","ping_status":"open","template":"","meta":{"footnotes":""},"_links":{"self":[{"href":"http:\/\/www.rybari-modrany.cz\/index.php?rest_route=\/wp\/v2\/pages\/435"}],"collection":[{"href":"http:\/\/www.rybari-modrany.cz\/index.php?rest_route=\/wp\/v2\/pages"}],"about":[{"href":"http:\/\/www.rybari-modrany.cz\/index.php?rest_route=\/wp\/v2\/types\/page"}],"author":[{"embeddable":true,"href":"http:\/\/www.rybari-modrany.cz\/index.php?rest_route=\/wp\/v2\/users\/1"}],"replies":[{"embeddable":true,"href":"http:\/\/www.rybari-modrany.cz\/index.php?rest_route=%2Fwp%2Fv2%2Fcomments&post=435"}],"version-history":[{"count":31,"href":"http:\/\/www.rybari-modrany.cz\/index.php?rest_route=\/wp\/v2\/pages\/435\/revisions"}],"predecessor-version":[{"id":554,"href":"http:\/\/www.rybari-modrany.cz\/index.php?rest_route=\/wp\/v2\/pages\/435\/revisions\/554"}],"up":[{"embeddable":true,"href":"http:\/\/www.rybari-modrany.cz\/index.php?rest_route=\/wp\/v2\/pages\/431"}],"wp:attachment":[{"href":"http:\/\/www.rybari-modrany.cz\/index.php?rest_route=%2Fwp%2Fv2%2Fmedia&parent=435"}],"curies":[{"name":"wp","href":"https:\/\/api.w.org\/{rel}","templated":true}]}}