{"id":38,"date":"2012-03-28T10:02:30","date_gmt":"2012-03-28T09:02:30","guid":{"rendered":"http:\/\/www.rybari-modrany.cz\/?page_id=38"},"modified":"2018-12-11T22:43:21","modified_gmt":"2018-12-11T21:43:21","slug":"home","status":"publish","type":"page","link":"http:\/\/www.rybari-modrany.cz\/?page_id=38","title":{"rendered":"Home"},"content":{"rendered":"<h3><\/h3>\n<h2 style=\"text-align: center;\">V\u00e1\u017een\u00ed \u010dlenov\u00e9 a p\u0159\u00e1tel\u00e9 \u010cesk\u00e9ho ryb\u00e1\u0159sk\u00e9ho svazu, M\u00edstn\u00ed organizace Praha 4 Mod\u0159any<\/h2>\n<p>V\u00edt\u00e1me V\u00e1s na ofici\u00e1ln\u00edch str\u00e1nk\u00e1ch \u010cesk\u00e9ho ryb\u00e1\u0159sk\u00e9ho svazu &#8211; M\u00edstn\u00ed organizace Praha 4 Mod\u0159any.<\/p>\n<p>Na\u0161\u00edm p\u0159\u00e1n\u00edm je, aby vz\u00e1jemn\u00e1 spolupr\u00e1ce a v\u00fdm\u011bna informac\u00ed mezi v\u00fdborem M.O. a V\u00e1mi \u2013 \u010dleny a p\u0159\u00e1teli M\u00edstn\u00ed organizace byla na vysok\u00e9 \u00farovni. Proto jsme se rozhodli zalo\u017eit tyto webov\u00e9 str\u00e1nky, kter\u00e9 by k tomu m\u011bly p\u0159isp\u011bt.<\/p>\n<p><img loading=\"lazy\" decoding=\"async\" class=\"aligncenter wp-image-736\" src=\"http:\/\/www.rybari-modrany.cz\/wp-content\/uploads\/Farsky-rybnicek-1024x768.jpg\" alt=\"\" width=\"600\" height=\"450\" srcset=\"http:\/\/www.rybari-modrany.cz\/wp-content\/uploads\/Farsky-rybnicek-1024x768.jpg 1024w, http:\/\/www.rybari-modrany.cz\/wp-content\/uploads\/Farsky-rybnicek-300x225.jpg 300w, http:\/\/www.rybari-modrany.cz\/wp-content\/uploads\/Farsky-rybnicek-768x576.jpg 768w, http:\/\/www.rybari-modrany.cz\/wp-content\/uploads\/Farsky-rybnicek.jpg 1210w\" sizes=\"(max-width: 600px) 100vw, 600px\" \/><\/p>\n<p>Z\u00e1rov\u011bn si uv\u011bdomujeme, \u017ee n\u00e1s v tomto sm\u011bru \u010dek\u00e1 samoz\u0159ejm\u011b hodn\u011b pr\u00e1ce, nebo\u0165 nov\u00e9 str\u00e1nky se mus\u00ed naplnili v\u0161emi pot\u0159ebn\u00fdmi informacemi. V t\u00e9to f\u00e1zi V\u00e1s proto pros\u00edme o trp\u011blivost a pochopen\u00ed. Vedle toho se budeme samoz\u0159ejm\u011b starat o jejich pravidelnou aktualizaci. V tomto sm\u011bru budeme velice r\u00e1di za jak\u00fdkoliv podn\u011bt z Va\u0161\u00ed strany co na str\u00e1nk\u00e1ch postr\u00e1d\u00e1te a co byste zde r\u00e1di nach\u00e1zeli. Uv\u00edt\u00e1me samoz\u0159ejm\u011b tak\u00e9 i zaj\u00edmav\u00e9 fotografie z Va\u0161eho ryba\u0159en\u00ed.<\/p>\n<p>V\u011b\u0159\u00edme, \u017ee tyto str\u00e1nky tak povedou k zlep\u0161en\u00ed vz\u00e1jemn\u00e9 spolupr\u00e1ce se v\u0161emi \u010dleny i p\u0159\u00e1teli na\u0161\u00ed M\u00edstn\u00ed organizace. Sv\u00e9 n\u00e1m\u011bty a p\u0159ipom\u00ednky, a to nejen k tomuto webu, n\u00e1m m\u016f\u017eete zaslat pomoc\u00ed e-mailu nebo\u00a0zanechte vzkaz na na\u0161em facebooku. Na uveden\u00e1 m\u00e9dia se dostanete\u00a0kliknut\u00edm na n\u00ed\u017ee uveden\u00e9 ikony.<\/p>\n<p><a href=\"mailto:info@rybari-modrany.cz\" target=\"_blank\" rel=\"noopener\"><img loading=\"lazy\" decoding=\"async\" class=\"wp-image-636 alignnone\" src=\"http:\/\/www.rybari-modrany.cz\/wp-content\/uploads\/EMail-300x300.jpg\" alt=\"\" width=\"100\" height=\"100\" srcset=\"http:\/\/www.rybari-modrany.cz\/wp-content\/uploads\/EMail-300x300.jpg 300w, http:\/\/www.rybari-modrany.cz\/wp-content\/uploads\/EMail-150x150.jpg 150w, http:\/\/www.rybari-modrany.cz\/wp-content\/uploads\/EMail.jpg 637w\" sizes=\"(max-width: 100px) 100vw, 100px\" \/><\/a><a href=\"https:\/\/www.facebook.com\/rybari.modrany\/\" target=\"_blank\" rel=\"noopener\"><img loading=\"lazy\" decoding=\"async\" class=\"wp-image-637 alignnone\" src=\"http:\/\/www.rybari-modrany.cz\/wp-content\/uploads\/Facebook.jpg\" alt=\"\" width=\"100\" height=\"100\" srcset=\"http:\/\/www.rybari-modrany.cz\/wp-content\/uploads\/Facebook.jpg 656w, http:\/\/www.rybari-modrany.cz\/wp-content\/uploads\/Facebook-150x150.jpg 150w, http:\/\/www.rybari-modrany.cz\/wp-content\/uploads\/Facebook-300x300.jpg 300w\" sizes=\"(max-width: 100px) 100vw, 100px\" \/><\/a><\/p>\n","protected":false},"excerpt":{"rendered":"<p>V\u00e1\u017een\u00ed \u010dlenov\u00e9 a p\u0159\u00e1tel\u00e9 \u010cesk\u00e9ho ryb\u00e1\u0159sk\u00e9ho svazu, M\u00edstn\u00ed organizace Praha 4 Mod\u0159any V\u00edt\u00e1me V\u00e1s na ofici\u00e1ln\u00edch str\u00e1nk\u00e1ch \u010cesk\u00e9ho ryb\u00e1\u0159sk\u00e9ho svazu &#8211; M\u00edstn\u00ed organizace Praha 4 Mod\u0159any. Na\u0161\u00edm p\u0159\u00e1n\u00edm je, aby vz\u00e1jemn\u00e1 spolupr\u00e1ce a v\u00fdm\u011bna informac\u00ed mezi v\u00fdborem M.O. a V\u00e1mi \u2013 \u010dleny a p\u0159\u00e1teli M\u00edstn\u00ed organizace byla na vysok\u00e9 \u00farovni. Proto jsme se rozhodli zalo\u017eit [&hellip;]<\/p>\n","protected":false},"author":1,"featured_media":0,"parent":0,"menu_order":0,"comment_status":"open","ping_status":"open","template":"","meta":{"footnotes":""},"_links":{"self":[{"href":"http:\/\/www.rybari-modrany.cz\/index.php?rest_route=\/wp\/v2\/pages\/38"}],"collection":[{"href":"http:\/\/www.rybari-modrany.cz\/index.php?rest_route=\/wp\/v2\/pages"}],"about":[{"href":"http:\/\/www.rybari-modrany.cz\/index.php?rest_route=\/wp\/v2\/types\/page"}],"author":[{"embeddable":true,"href":"http:\/\/www.rybari-modrany.cz\/index.php?rest_route=\/wp\/v2\/users\/1"}],"replies":[{"embeddable":true,"href":"http:\/\/www.rybari-modrany.cz\/index.php?rest_route=%2Fwp%2Fv2%2Fcomments&post=38"}],"version-history":[{"count":11,"href":"http:\/\/www.rybari-modrany.cz\/index.php?rest_route=\/wp\/v2\/pages\/38\/revisions"}],"predecessor-version":[{"id":740,"href":"http:\/\/www.rybari-modrany.cz\/index.php?rest_route=\/wp\/v2\/pages\/38\/revisions\/740"}],"wp:attachment":[{"href":"http:\/\/www.rybari-modrany.cz\/index.php?rest_route=%2Fwp%2Fv2%2Fmedia&parent=38"}],"curies":[{"name":"wp","href":"https:\/\/api.w.org\/{rel}","templated":true}]}}