{"id":2,"date":"2012-03-20T11:51:40","date_gmt":"2012-03-20T10:51:40","guid":{"rendered":"http:\/\/www.rybari-modrany.cz\/?page_id=2"},"modified":"2015-03-20T21:07:54","modified_gmt":"2015-03-20T20:07:54","slug":"neco-o-me","status":"publish","type":"page","link":"http:\/\/www.rybari-modrany.cz\/?page_id=2","title":{"rendered":"O n\u00e1s"},"content":{"rendered":"<h4>N\u011bco o n\u00e1s z minulosti a tak\u00e9 n\u011bco ze sou\u010dasnosti.<\/h4>\n<p>Mod\u0159an\u0161t\u00ed ryb\u00e1\u0159i se prvn\u011b se\u0161li na podzim roku 1963 aby projednali mo\u017enost zalo\u017een\u00ed sv\u00e9 vlastn\u00ed organizace. 20.9.1963 byli v restauraci \u201eU Kubr\u016f\u201c zvoleni prvn\u00ed z\u00e1stupci a na doporu\u010den\u00ed MV Praha byl n\u00e1sledn\u011b 1.7 1964 zvolen p\u0159\u00edpravn\u00fd v\u00fdbor.<br \/>\n\u00dast\u0159edn\u00edm v\u00fdborem \u010cSRS bylo 20.7.1964 na v\u00fdborov\u00e9 sch\u016fzi schv\u00e1leno ustanoven\u00ed ryb\u00e1\u0159sk\u00e9 organizace v Mod\u0159anech a 7.10.1964 pak prob\u011bhla ustavuj\u00edc\u00ed sch\u016fze, kde byl zvolen definitivn\u00ed v\u00fdbor ve slo\u017een\u00ed p. Vel\u00e1t \u2013 p\u0159edseda, p. Sokol \u2013 m\u00edstop\u0159edseda a p. Kare\u0161 \u2013 jednatel.<br \/>\nDo t\u00e9to doby byli mod\u0159an\u0161t\u00ed ryb\u00e1\u0159i organizov\u00e1ni v MO Zbraslav, nicm\u00e9n\u011b po zalo\u017een\u00ed MO Mod\u0159any Zbraslavsk\u00e1 organizace vy\u0159\u00eddila bezodkladn\u011b p\u0159evody ryb\u00e1\u0159\u016f z Mod\u0159an a nav\u00edc do za\u010d\u00e1tk\u016f na\u0161\u00ed organizaci p\u0159edala finan\u010dn\u00ed dar ve v\u00fd\u0161i 500 K\u010ds. Koncem roku 1964 m\u011bla MO Mod\u0159any 194 \u010dlen\u016f a jednoho mladistv\u00e9ho.<\/p>\n<p>\u010cinnost MO Mod\u0159any byla velice aktivn\u00ed, mimo jin\u00e9 byla postavena chata a vybudov\u00e1n rybn\u00edk na Kam\u00fdku a organizace se rovn\u011b\u017e pod\u00edlela na stavb\u011b rybn\u00edk\u016f a koupali\u0161t\u011b v P\u00ed\u0161ovic\u00edch.<br \/>\nChov ryb na tomto nov\u011b vybudovan\u00e9m rybn\u00edku na Kam\u00fdku byl velice \u00fasp\u011b\u0161n\u00fd nebo\u0165 odloven\u00e9 ryby byly n\u00e1sledn\u011b prod\u00e1v\u00e1ny \u010cSRS. Krom\u011b t\u011bchto aktivit se d\u00e1le ml\u00e1de\u017enick\u00e1 dru\u017estva z Mod\u0159an \u00fa\u010dastnila i r\u016fzn\u00fdch sout\u011b\u017e\u00ed. B\u011bhem \u010dasu se samoz\u0159ejm\u011b m\u011bnili i \u010dlenov\u00e9 v\u00fdboru, nap\u0159\u00edklad v r. 1968 byl p\u0159edsedou zvolen p. Sankot\u00a0 , hospod\u00e1\u0159em p. \u0160vejda nebo d\u00e1le pak nap\u0159\u00edklad p\u00e1nov\u00e9 Frk, Kr\u0161ka, Mach\u00e1\u010dek, Drt\u00edlek a dal\u0161\u00ed.(omlouv\u00e1me se v\u0161em, kter\u00e9 jsme nejmenoval).<\/p>\n<p>Nyn\u011bj\u0161\u00ed\u00a0 organizace s\u00eddl\u00ed na rybn\u00ed\u010dku v ulici U Domu slu\u017eeb, kter\u00fd je tak\u00e9 zn\u00e1m jako Farsk\u00fd. Pomocn\u00e9 prostory a po\u0161tovn\u00ed adresu m\u00e1 sou\u010dasn\u00e1 organizace v ul. K Vltav\u011b 2012 \/56 .V\u0161e m\u00e1 svaz pronajato od M\u00da Prahy 12 \u2013 Mod\u0159any.<\/p>\n<p>\u010cinnost organizace spo\u010d\u00edv\u00e1 zejm\u00e9na ve slu\u017eb\u00e1ch \u010dlen\u016fm organizace, kter\u00e9 p\u0159edstavuji vyd\u00e1v\u00e1n\u00ed povolenek, organizov\u00e1n\u00ed brig\u00e1d, \u0159e\u0161en\u00ed p\u0159\u00edpadn\u00fdch proh\u0159e\u0161k\u016f sv\u00fdch \u010dlen\u016f, \u0161kolen\u00ed a p\u0159ij\u00edm\u00e1n\u00ed nov\u00fdch \u010dlen\u016f nebo zaryb\u0148ov\u00e1n\u00ed p\u0159ilehl\u00e9ho rev\u00edru Vltava 6. N\u011bkte\u0159\u00ed na\u0161i \u010dlenov\u00e9 p\u016fsob\u00ed jako \u010dlenov\u00e9 ryb\u00e1\u0159sk\u00e9 str\u00e1\u017ee a prov\u00e1d\u011bj\u00ed kontroly chov\u00e1n\u00ed ryb\u00e1\u0159\u016f na jim ur\u010den\u00fdch rev\u00edrech. Krom\u011b v\u00fd\u0161e uveden\u00e9ho se ryb\u00e1\u0159i MO Mod\u0159any staraj\u00ed o\u00a0 \u00fadr\u017ebu pronajat\u00e9ho rybn\u00edka.<\/p>\n<p>Volen\u00fd v\u00fdbor organizace \u010cRS Praha 4 Mod\u0159any se pravideln\u011b sch\u00e1z\u00ed ka\u017ed\u00fd m\u011bs\u00edc krom\u011b pr\u00e1zdninov\u00fdch m\u011bs\u00edc\u016f (\u010dervenec \u2013 srpen).<\/p>\n<p><span style=\"color: #999999;\"><em>Informace z historie organizace byly \u010derp\u00e1ny na z\u00e1klad\u011b dochovan\u00e9 kroniky ve stru\u010dn\u00e9 podob\u011b.<\/em><\/span><\/p>\n<p>&nbsp;<\/p>\n","protected":false},"excerpt":{"rendered":"<p>N\u011bco o n\u00e1s z minulosti a tak\u00e9 n\u011bco ze sou\u010dasnosti. Mod\u0159an\u0161t\u00ed ryb\u00e1\u0159i se prvn\u011b se\u0161li na podzim roku 1963 aby projednali mo\u017enost zalo\u017een\u00ed sv\u00e9 vlastn\u00ed organizace. 20.9.1963 byli v restauraci \u201eU Kubr\u016f\u201c zvoleni prvn\u00ed z\u00e1stupci a na doporu\u010den\u00ed MV Praha byl n\u00e1sledn\u011b 1.7 1964 zvolen p\u0159\u00edpravn\u00fd v\u00fdbor. \u00dast\u0159edn\u00edm v\u00fdborem \u010cSRS bylo 20.7.1964 na v\u00fdborov\u00e9 sch\u016fzi [&hellip;]<\/p>\n","protected":false},"author":1,"featured_media":0,"parent":0,"menu_order":6,"comment_status":"open","ping_status":"closed","template":"","meta":{"footnotes":""},"_links":{"self":[{"href":"http:\/\/www.rybari-modrany.cz\/index.php?rest_route=\/wp\/v2\/pages\/2"}],"collection":[{"href":"http:\/\/www.rybari-modrany.cz\/index.php?rest_route=\/wp\/v2\/pages"}],"about":[{"href":"http:\/\/www.rybari-modrany.cz\/index.php?rest_route=\/wp\/v2\/types\/page"}],"author":[{"embeddable":true,"href":"http:\/\/www.rybari-modrany.cz\/index.php?rest_route=\/wp\/v2\/users\/1"}],"replies":[{"embeddable":true,"href":"http:\/\/www.rybari-modrany.cz\/index.php?rest_route=%2Fwp%2Fv2%2Fcomments&post=2"}],"version-history":[{"count":7,"href":"http:\/\/www.rybari-modrany.cz\/index.php?rest_route=\/wp\/v2\/pages\/2\/revisions"}],"predecessor-version":[{"id":452,"href":"http:\/\/www.rybari-modrany.cz\/index.php?rest_route=\/wp\/v2\/pages\/2\/revisions\/452"}],"wp:attachment":[{"href":"http:\/\/www.rybari-modrany.cz\/index.php?rest_route=%2Fwp%2Fv2%2Fmedia&parent=2"}],"curies":[{"name":"wp","href":"https:\/\/api.w.org\/{rel}","templated":true}]}}